{"id":2482,"date":"2025-06-13T00:22:33","date_gmt":"2025-06-12T22:22:33","guid":{"rendered":"https:\/\/contold.com\/?post_type=product&#038;p=2482"},"modified":"2025-06-13T00:22:33","modified_gmt":"2025-06-12T22:22:33","slug":"cuadro-contold-br1","status":"publish","type":"product","link":"https:\/\/contold.com\/index.php\/producto\/cuadro-contold-br1\/","title":{"rendered":"CUADRO CONTOLD BR1"},"content":{"rendered":"<h3 data-start=\"151\" data-end=\"184\">Cuadro de Control CONTOLD BR1<\/h3>\n<p data-start=\"186\" data-end=\"545\">El <strong data-start=\"189\" data-end=\"204\">CONTOLD BR1<\/strong> es un avanzado cuadro de control por radiofrecuencia (433\u202fMHz), dise\u00f1ado espec\u00edficamente para <strong data-start=\"299\" data-end=\"384\">automatizar toldos correderos en veh\u00edculos basculantes y otros tipos de veh\u00edculos<\/strong>. Su sistema est\u00e1 optimizado para el control de <strong data-start=\"432\" data-end=\"465\">motores de corriente continua<\/strong>, ofreciendo una soluci\u00f3n robusta, segura y eficiente para aplicaciones m\u00f3viles.<\/p>\n<p data-start=\"547\" data-end=\"725\">Este modelo incorpora una <strong data-start=\"573\" data-end=\"589\">pantalla LCD<\/strong> que permite una configuraci\u00f3n sencilla e intuitiva, as\u00ed como la visualizaci\u00f3n en tiempo real de todos los par\u00e1metros de funcionamiento.<\/p>\n<p data-start=\"727\" data-end=\"910\">Gracias a su tecnolog\u00eda de <strong data-start=\"754\" data-end=\"779\">detecci\u00f3n por consumo<\/strong>, <strong data-start=\"781\" data-end=\"815\">no requiere finales de carrera<\/strong>, lo que reduce los tiempos de instalaci\u00f3n y evita el uso de componentes mec\u00e1nicos adicionales.<\/p>\n<h4 data-start=\"912\" data-end=\"944\">Caracter\u00edsticas destacadas:<\/h4>\n<ul data-start=\"945\" data-end=\"1371\">\n<li data-start=\"945\" data-end=\"982\">\n<p data-start=\"947\" data-end=\"982\">Control remoto v\u00eda radio a 433\u202fMHz.<\/p>\n<\/li>\n<li data-start=\"983\" data-end=\"1077\">\n<p data-start=\"985\" data-end=\"1077\">Dise\u00f1ado para <strong data-start=\"999\" data-end=\"1076\">toldos correderos en veh\u00edculos basculantes y otros veh\u00edculos industriales<\/strong>.<\/p>\n<\/li>\n<li data-start=\"1078\" data-end=\"1125\">\n<p data-start=\"1080\" data-end=\"1125\">Compatible con motores de corriente continua.<\/p>\n<\/li>\n<li data-start=\"1126\" data-end=\"1172\">\n<p data-start=\"1128\" data-end=\"1172\">Pantalla LCD para configuraci\u00f3n y monitoreo.<\/p>\n<\/li>\n<li data-start=\"1173\" data-end=\"1252\">\n<p data-start=\"1175\" data-end=\"1252\">Detecci\u00f3n de fin de recorrido por sensor de consumo (sin finales de carrera).<\/p>\n<\/li>\n<li data-start=\"1253\" data-end=\"1312\">\n<p data-start=\"1255\" data-end=\"1312\">Modos de funcionamiento: <strong data-start=\"1280\" data-end=\"1298\">Semiautom\u00e1tico<\/strong> y <strong data-start=\"1301\" data-end=\"1311\">Manual<\/strong>.<\/p>\n<\/li>\n<li data-start=\"1313\" data-end=\"1371\">\n<p data-start=\"1315\" data-end=\"1371\">Configuraci\u00f3n ajustable de arranque y consumo del motor.<\/p>\n<\/li>\n<\/ul>\n<p data-start=\"1373\" data-end=\"1483\">Ideal para profesionales que buscan una soluci\u00f3n fiable y vers\u00e1til para la automatizaci\u00f3n de sistemas m\u00f3viles.<\/p>\n","protected":false},"excerpt":{"rendered":"<h3 data-start=\"151\" data-end=\"184\">Cuadro de Control CONTOLD BR1<\/h3>\n","protected":false},"featured_media":2483,"comment_status":"closed","ping_status":"closed","template":"","meta":{"_et_pb_use_builder":"","_et_pb_old_content":"","_et_gb_content_width":"","_joinchat":[]},"product_brand":[],"product_cat":[19],"product_tag":[],"class_list":{"0":"post-2482","1":"product","2":"type-product","3":"status-publish","4":"has-post-thumbnail","6":"product_cat-partes","8":"first","9":"instock","10":"taxable","11":"shipping-taxable","12":"purchasable","13":"product-type-simple"},"_links":{"self":[{"href":"https:\/\/contold.com\/index.php\/wp-json\/wp\/v2\/product\/2482","targetHints":{"allow":["GET"]}}],"collection":[{"href":"https:\/\/contold.com\/index.php\/wp-json\/wp\/v2\/product"}],"about":[{"href":"https:\/\/contold.com\/index.php\/wp-json\/wp\/v2\/types\/product"}],"replies":[{"embeddable":true,"href":"https:\/\/contold.com\/index.php\/wp-json\/wp\/v2\/comments?post=2482"}],"wp:featuredmedia":[{"embeddable":true,"href":"https:\/\/contold.com\/index.php\/wp-json\/wp\/v2\/media\/2483"}],"wp:attachment":[{"href":"https:\/\/contold.com\/index.php\/wp-json\/wp\/v2\/media?parent=2482"}],"wp:term":[{"taxonomy":"product_brand","embeddable":true,"href":"https:\/\/contold.com\/index.php\/wp-json\/wp\/v2\/product_brand?post=2482"},{"taxonomy":"product_cat","embeddable":true,"href":"https:\/\/contold.com\/index.php\/wp-json\/wp\/v2\/product_cat?post=2482"},{"taxonomy":"product_tag","embeddable":true,"href":"https:\/\/contold.com\/index.php\/wp-json\/wp\/v2\/product_tag?post=2482"}],"curies":[{"name":"wp","href":"https:\/\/api.w.org\/{rel}","templated":true}]}}