{"id":2477,"date":"2025-05-16T10:21:35","date_gmt":"2025-05-16T08:21:35","guid":{"rendered":"https:\/\/contold.com\/?post_type=product&#038;p=2477"},"modified":"2025-05-16T10:21:36","modified_gmt":"2025-05-16T08:21:36","slug":"motor-reductor-500-w-2","status":"publish","type":"product","link":"https:\/\/contold.com\/index.php\/producto\/motor-reductor-500-w-2\/","title":{"rendered":"Motor reductor 500 w."},"content":{"rendered":"<p class=\"\" data-start=\"90\" data-end=\"165\"><strong data-start=\"90\" data-end=\"165\">Motorreductor 24V 500W 2000RPM con Reductora 1\/60 para Toldos de Cami\u00f3n<\/strong><\/p>\n<p class=\"\" data-start=\"167\" data-end=\"610\">Este motorreductor de 24V y 500W es la soluci\u00f3n perfecta para la automatizaci\u00f3n de toldos de cami\u00f3n. Con una potencia de 500W y una velocidad de 2000 RPM, ofrece un rendimiento robusto y confiable en condiciones de trabajo exigentes. Su reductora 1\/60 asegura un alto torque a bajas revoluciones, proporcionando una operaci\u00f3n suave y eficiente, ideal para el manejo de sistemas de toldos de cami\u00f3n que requieren un control preciso y constante.<\/p>\n<p class=\"\" data-start=\"612\" data-end=\"644\"><strong data-start=\"612\" data-end=\"644\">Caracter\u00edsticas principales:<\/strong><\/p>\n<ul data-start=\"645\" data-end=\"1120\">\n<li class=\"\" data-start=\"645\" data-end=\"717\">\n<p class=\"\" data-start=\"647\" data-end=\"717\"><strong data-start=\"647\" data-end=\"659\">Voltaje:<\/strong> 24V, adecuado para sistemas de alimentaci\u00f3n de veh\u00edculos.<\/p>\n<\/li>\n<li class=\"\" data-start=\"718\" data-end=\"781\">\n<p class=\"\" data-start=\"720\" data-end=\"781\"><strong data-start=\"720\" data-end=\"733\">Potencia:<\/strong> 500W, ideal para aplicaciones de mediana carga.<\/p>\n<\/li>\n<li class=\"\" data-start=\"782\" data-end=\"847\">\n<p class=\"\" data-start=\"784\" data-end=\"847\"><strong data-start=\"784\" data-end=\"798\">Velocidad:<\/strong> 2000 RPM, adaptada para un movimiento eficiente.<\/p>\n<\/li>\n<li class=\"\" data-start=\"848\" data-end=\"988\">\n<p class=\"\" data-start=\"850\" data-end=\"988\"><strong data-start=\"850\" data-end=\"869\">Reductora 1\/60:<\/strong> Proporciona mayor fuerza y control al reducir las revoluciones, optimizando el trabajo de apertura y cierre de toldos.<\/p>\n<\/li>\n<li class=\"\" data-start=\"989\" data-end=\"1120\">\n<p class=\"\" data-start=\"991\" data-end=\"1120\"><strong data-start=\"991\" data-end=\"1017\">Aplicaci\u00f3n espec\u00edfica:<\/strong> Dise\u00f1ado para toldos de cami\u00f3n, ofreciendo durabilidad y resistencia en entornos de trabajo exigentes.<\/p>\n<\/li>\n<\/ul>\n<p class=\"\" data-start=\"1122\" data-end=\"1464\">Con un dise\u00f1o compacto y eficiente, este motorreductor garantiza una instalaci\u00f3n sencilla y un mantenimiento m\u00ednimo, mejorando la operatividad y la vida \u00fatil del toldo del cami\u00f3n. La combinaci\u00f3n de potencia, velocidad controlada y una reductora de alta calidad lo convierte en la opci\u00f3n ideal para profesionales del transporte y la log\u00edstica.<\/p>\n","protected":false},"excerpt":{"rendered":"<p><strong data-start=\"90\" data-end=\"165\">Motorreductor 24V 500W 2000RPM con Reductora 1\/60 para Toldos de Cami\u00f3n<\/strong><\/p>\n","protected":false},"featured_media":235,"comment_status":"closed","ping_status":"closed","template":"","meta":{"_et_pb_use_builder":"","_et_pb_old_content":"","_et_gb_content_width":"","_joinchat":[]},"product_brand":[],"product_cat":[19],"product_tag":[],"class_list":{"0":"post-2477","1":"product","2":"type-product","3":"status-publish","4":"has-post-thumbnail","6":"product_cat-partes","8":"first","9":"instock","10":"taxable","11":"shipping-taxable","12":"purchasable","13":"product-type-simple"},"_links":{"self":[{"href":"https:\/\/contold.com\/index.php\/wp-json\/wp\/v2\/product\/2477","targetHints":{"allow":["GET"]}}],"collection":[{"href":"https:\/\/contold.com\/index.php\/wp-json\/wp\/v2\/product"}],"about":[{"href":"https:\/\/contold.com\/index.php\/wp-json\/wp\/v2\/types\/product"}],"replies":[{"embeddable":true,"href":"https:\/\/contold.com\/index.php\/wp-json\/wp\/v2\/comments?post=2477"}],"wp:featuredmedia":[{"embeddable":true,"href":"https:\/\/contold.com\/index.php\/wp-json\/wp\/v2\/media\/235"}],"wp:attachment":[{"href":"https:\/\/contold.com\/index.php\/wp-json\/wp\/v2\/media?parent=2477"}],"wp:term":[{"taxonomy":"product_brand","embeddable":true,"href":"https:\/\/contold.com\/index.php\/wp-json\/wp\/v2\/product_brand?post=2477"},{"taxonomy":"product_cat","embeddable":true,"href":"https:\/\/contold.com\/index.php\/wp-json\/wp\/v2\/product_cat?post=2477"},{"taxonomy":"product_tag","embeddable":true,"href":"https:\/\/contold.com\/index.php\/wp-json\/wp\/v2\/product_tag?post=2477"}],"curies":[{"name":"wp","href":"https:\/\/api.w.org\/{rel}","templated":true}]}}